{"id":824,"date":"2021-07-14T10:41:54","date_gmt":"2021-07-14T10:41:54","guid":{"rendered":"http:\/\/mellettedvagyok.hu\/?page_id=824"},"modified":"2021-07-14T19:28:46","modified_gmt":"2021-07-14T19:28:46","slug":"meditaciok","status":"publish","type":"page","link":"https:\/\/mellettedvagyok.hu\/index.php\/meditaciok\/","title":{"rendered":"Medit\u00e1ci\u00f3k"},"content":{"rendered":"<h2 class=\"title style-scope ytd-video-primary-info-renderer\">Kapcsol\u00f3d\u00e1s gyermeki \u00e9n\u00fcnkkel vezetett medit\u00e1ci\u00f3<\/h2>\n<p><iframe loading=\"lazy\" title=\"Kapcsol\u00f3d\u00e1s gyermeki \u00e9n\u00fcnkkel vezetett medit\u00e1ci\u00f3\" width=\"640\" height=\"360\" src=\"https:\/\/www.youtube.com\/embed\/PvvKyyasVM4?feature=oembed\" frameborder=\"0\" allow=\"accelerometer; autoplay; clipboard-write; encrypted-media; gyroscope; picture-in-picture\" allowfullscreen><\/iframe><\/p>\n<p>&nbsp;<\/p>\n<h2 class=\"title style-scope ytd-video-primary-info-renderer\">P\u00e1rkapcsolat meger\u0151s\u00edt\u00e9se medit\u00e1ci\u00f3<\/h2>\n<p><iframe loading=\"lazy\" title=\"P\u00e1rkapcsolat meger\u0151s\u00edt\u00e9se medit\u00e1ci\u00f3\" width=\"640\" height=\"360\" src=\"https:\/\/www.youtube.com\/embed\/8i6fiHQX5cw?feature=oembed\" frameborder=\"0\" allow=\"accelerometer; autoplay; clipboard-write; encrypted-media; gyroscope; picture-in-picture\" allowfullscreen><\/iframe><\/p>\n","protected":false},"excerpt":{"rendered":"<p>Kapcsol\u00f3d\u00e1s gyermeki \u00e9n\u00fcnkkel vezetett medit\u00e1ci\u00f3 &nbsp; P\u00e1rkapcsolat meger\u0151s\u00edt\u00e9se medit\u00e1ci\u00f3<\/p>\n","protected":false},"author":2,"featured_media":0,"parent":0,"menu_order":0,"comment_status":"closed","ping_status":"closed","template":"","meta":{"_monsterinsights_skip_tracking":false,"_monsterinsights_sitenote_active":false,"_monsterinsights_sitenote_note":"","_monsterinsights_sitenote_category":0},"_links":{"self":[{"href":"https:\/\/mellettedvagyok.hu\/index.php\/wp-json\/wp\/v2\/pages\/824"}],"collection":[{"href":"https:\/\/mellettedvagyok.hu\/index.php\/wp-json\/wp\/v2\/pages"}],"about":[{"href":"https:\/\/mellettedvagyok.hu\/index.php\/wp-json\/wp\/v2\/types\/page"}],"author":[{"embeddable":true,"href":"https:\/\/mellettedvagyok.hu\/index.php\/wp-json\/wp\/v2\/users\/2"}],"replies":[{"embeddable":true,"href":"https:\/\/mellettedvagyok.hu\/index.php\/wp-json\/wp\/v2\/comments?post=824"}],"version-history":[{"count":7,"href":"https:\/\/mellettedvagyok.hu\/index.php\/wp-json\/wp\/v2\/pages\/824\/revisions"}],"predecessor-version":[{"id":832,"href":"https:\/\/mellettedvagyok.hu\/index.php\/wp-json\/wp\/v2\/pages\/824\/revisions\/832"}],"wp:attachment":[{"href":"https:\/\/mellettedvagyok.hu\/index.php\/wp-json\/wp\/v2\/media?parent=824"}],"curies":[{"name":"wp","href":"https:\/\/api.w.org\/{rel}","templated":true}]}}