{"id":399,"date":"2021-02-12T13:28:50","date_gmt":"2021-02-12T13:28:50","guid":{"rendered":"http:\/\/mellettedvagyok.hu\/?page_id=399"},"modified":"2021-04-27T13:36:33","modified_gmt":"2021-04-27T13:36:33","slug":"szolgaltatasok","status":"publish","type":"page","link":"https:\/\/mellettedvagyok.hu\/index.php\/szolgaltatasok\/","title":{"rendered":"Szolg\u00e1ltat\u00e1sok"},"content":{"rendered":"\r\n<p class=\"justify\">Szem\u00e9lyes besz\u00e9lget\u00e9seink sor\u00e1n abban tudlak t\u00e9ged t\u00e1mogatni, hogy k\u00f6zelebb ker\u00fclj \u00f6nmagadhoz. Azon az \u00faton pedig amin elindulsz, sz\u00e1mtalan elakad\u00e1sodra, blokkodra r\u00e1l\u00e1thatsz majd, aminek a felold\u00e1s\u00e1hoz eszk\u00f6zt adok a kezedbe, \u00e9s amelyeknek k\u00f6sz\u00f6nhet\u0151en \u00fagy \u00e9rezheted, hogy nem vagy a helyeden, hogy nem \u00e9rzed magad kiteljesedettnek, hogy nem \u00fagy j\u00f6nnek a sikerek, ahogy szeretn\u00e9d. Ehhez legf\u0151k\u00e9ppen a nyitotts\u00e1godra, \u00e9s a v\u00e1ltoz\u00e1sra val\u00f3 elt\u00f6k\u00e9lts\u00e9gedre van sz\u00fcks\u00e9g. Ezen k\u00edv\u00fcl a t\u00fcrelmedre, mert azt tudnod kell, hogy ez egy folyamat. N\u00e9ha f\u00e1jdalmas szemben\u00e9z\u00e9s \u00f6nmagaddal \u00e9s a m\u00faltaddal, de elker\u00fclhetetlen ahhoz, hogy v\u00e9gre \u00f6nmagad lehess, f\u00fcgg\u0151s\u00e9gek, szorong\u00e1sok, f\u00e9lelmek n\u00e9lk\u00fcl. De nem egyed\u00fcl kell v\u00e9gig csin\u00e1lnod, mert melletted vagyok, leszek!<\/p>\r\n<p class=\"justify\">&#8212; <strong>Egy\u00e9ni tan\u00e1csad\u00e1ssal<\/strong> tudlak t\u00e1mogatni, ha \u00fagy \u00e9rzed, hogy nem halad el\u0151re az \u00e9leted, nem j\u00f6nnek a sikerek, fesz\u00fclt vagy, esetleg d\u00f6nt\u00e9sk\u00e9ptelen, vagy ha beleragadt\u00e1l egy helyzetbe \u00e9s v\u00e1ltoztatn\u00e1l rajta.<\/p>\r\n<p class=\"justify\">&#8212; <strong>A csoportos vezetett medit\u00e1ci\u00f3<\/strong> seg\u00edt abban, hogy lelki blokkjainkat oldjuk, \u00e9s egy-egy t\u00e9ma ment\u00e9n ezzel t\u00e1mogatjuk lelki eg\u00e9szs\u00e9g\u00fcnket. Seg\u00edt a megbocs\u00e1t\u00e1sban, elenged\u00e9sben, \u00e9s abban, hogy megszabad\u00edtson a stresszt\u0151l, szorong\u00e1sokt\u00f3l.<\/p>\r\n<p class=\"justify\">&#8212; <strong>El\u0151ad\u00e1sok<\/strong> lelki t\u00e9m\u00e1kr\u00f3l, \u00f6nfejleszt\u00e9sr\u0151l, lelki blokkok felismer\u00e9s\u00e9r\u0151l \u00e9s old\u00e1s\u00e1r\u00f3l.<\/p>\r\n","protected":false},"excerpt":{"rendered":"<p>Szem\u00e9lyes besz\u00e9lget\u00e9seink sor\u00e1n abban tudlak t\u00e9ged t\u00e1mogatni, hogy k\u00f6zelebb ker\u00fclj \u00f6nmagadhoz. Azon az \u00faton pedig amin elindulsz, sz\u00e1mtalan elakad\u00e1sodra, blokkodra r\u00e1l\u00e1thatsz majd, aminek a felold\u00e1s\u00e1hoz eszk\u00f6zt adok a kezedbe, \u00e9s amelyeknek k\u00f6sz\u00f6nhet\u0151en \u00fagy \u00e9rezheted, hogy nem vagy a helyeden, hogy nem \u00e9rzed magad kiteljesedettnek, hogy nem \u00fagy j\u00f6nnek a sikerek, ahogy szeretn\u00e9d. Ehhez legf\u0151k\u00e9ppen a [&hellip;]<\/p>\n","protected":false},"author":2,"featured_media":0,"parent":0,"menu_order":0,"comment_status":"closed","ping_status":"closed","template":"","meta":{"_monsterinsights_skip_tracking":false,"_monsterinsights_sitenote_active":false,"_monsterinsights_sitenote_note":"","_monsterinsights_sitenote_category":0},"_links":{"self":[{"href":"https:\/\/mellettedvagyok.hu\/index.php\/wp-json\/wp\/v2\/pages\/399"}],"collection":[{"href":"https:\/\/mellettedvagyok.hu\/index.php\/wp-json\/wp\/v2\/pages"}],"about":[{"href":"https:\/\/mellettedvagyok.hu\/index.php\/wp-json\/wp\/v2\/types\/page"}],"author":[{"embeddable":true,"href":"https:\/\/mellettedvagyok.hu\/index.php\/wp-json\/wp\/v2\/users\/2"}],"replies":[{"embeddable":true,"href":"https:\/\/mellettedvagyok.hu\/index.php\/wp-json\/wp\/v2\/comments?post=399"}],"version-history":[{"count":9,"href":"https:\/\/mellettedvagyok.hu\/index.php\/wp-json\/wp\/v2\/pages\/399\/revisions"}],"predecessor-version":[{"id":657,"href":"https:\/\/mellettedvagyok.hu\/index.php\/wp-json\/wp\/v2\/pages\/399\/revisions\/657"}],"wp:attachment":[{"href":"https:\/\/mellettedvagyok.hu\/index.php\/wp-json\/wp\/v2\/media?parent=399"}],"curies":[{"name":"wp","href":"https:\/\/api.w.org\/{rel}","templated":true}]}}