{"id":380,"date":"2021-02-12T09:46:20","date_gmt":"2021-02-12T09:46:20","guid":{"rendered":"http:\/\/mellettedvagyok.hu\/?page_id=380"},"modified":"2021-02-12T09:46:20","modified_gmt":"2021-02-12T09:46:20","slug":"uj-visszajelzes","status":"publish","type":"page","link":"https:\/\/mellettedvagyok.hu\/index.php\/uj-visszajelzes\/","title":{"rendered":"\u00daj visszajelz\u00e9s"},"content":{"rendered":"\r\n<style>\r\n#home-table {\r\n    background-color: transparent;\r\n    border: 1px solid black;\r\n    border-collapse: unset;\r\n    border-radius: 10px;\r\n    box-shadow: 15px 15px 15px rgba(0,0,0,0.6);\r\n}\r\n\r\n.home-box-title {\r\n    font-family: 'bentonsans',Helvetica,sans-serif;\r\n    font-size: medium;\r\n    color: black;\r\n    text-align: center;\r\n    letter-spacing: 3px;\r\n    text-shadow: 5px 5px 5px #808080;\r\n    text-decoration: underline;\r\n}\r\n\r\n.new-outcome-left {\r\n    font-family: 'bentonsans',Helvetica,sans-serif;\r\n    font-size: small;\r\n    color: black;\r\n    text-align: left;\r\n}\r\n\r\n.new-outcome-right {\r\n    font-family: 'bentonsans',Helvetica,sans-serif;\r\n    font-size: small;\r\n    color: black;\r\n    text-align: right;\r\n}\r\n\r\n.new-outcome-center {\r\n    font-family: 'bentonsans',Helvetica,sans-serif;\r\n    font-size: small;\r\n    color: black;\r\n    text-align: center;\r\n}\r\n<\/style>\r\n\r\n<form method=\"post\" action=\"http:\/\/mellettedvagyok.hu\/index.php\/feldolgozo\/\">\r\n<table id=\"home-table\" width=\"40%\" align=\"center\">\r\n            <tr>\r\n                <td height=\"10px\"><\/td>\r\n            <\/tr>\r\n            <tr>\r\n                <td width=\"45%\" colspan=\"3\" class=\"home-box-title\"><strong>\u00daj visszajelz\u00e9se bek\u00fcld\u00e9se<\/strong><\/td>\r\n            <\/tr>\r\n            <tr>\r\n                <td height=\"25px\"><\/td>\r\n            <\/tr>\r\n            <tr>\r\n                <td width=\"45%\" class=\"new-outcome-right\"><label for=\"date\">D\u00e1tum:<\/label><\/td>\r\n                <td width=\"10%\"><\/td>\r\n                <td width=\"45%\" class=\"new-outcome-left\"><input type=\"text\" id=\"date\" name=\"date\"><\/td>\r\n            <\/tr>\r\n            <tr>\r\n                <td height=\"10px\"><\/td>\r\n            <\/tr>\r\n            <tr>\r\n                <td width=\"45%\" class=\"new-outcome-right\"><label for=\"text_long\">Sz\u00f6veg:<\/label><\/td>\r\n                <td width=\"10%\"><\/td>\r\n                <td width=\"45%\" class=\"new-outcome-left\"><input type=\"text\" id=\"text_long\" name=\"text_long\"><\/td>\r\n            <\/tr>\r\n            <tr>\r\n                <td height=\"10px\"><\/td>\r\n            <\/tr>\r\n            <tr>\r\n                <td width=\"45%\" class=\"new-outcome-right\"><label for=\"person\">Szem\u00e9ly:<\/label><\/td>\r\n                <td width=\"10%\"><\/td>\r\n                <td width=\"45%\" class=\"new-outcome-left\"><input type=\"text\" id=\"person\" name=\"person\"><\/td>\r\n            <\/tr>\r\n            <tr>\r\n                <td height=\"10px\"><\/td>\r\n            <\/tr>\r\n            <tr>\r\n                <td width=\"45%\" class=\"new-outcome-right\"><label for=\"password\">Jelsz\u00f3:<\/label><\/td>\r\n                <td width=\"10%\"><\/td>\r\n                <td width=\"45%\" class=\"new-outcome-left\"><input type=\"text\" id=\"password\" name=\"password\"><\/td>\r\n            <\/tr>\r\n            <tr>\r\n                <td height=\"15px\"><\/td>\r\n            <\/tr>\r\n            <tr>\r\n                <td width=\"45%\" class=\"new-outcome-center\" colspan=\"3\"><input type=\"submit\" value=\"Bek\u00fcld\"><\/td>\r\n            <\/tr>\r\n            <tr>\r\n                <td height=\"15px\"><\/td>\r\n            <\/tr>\r\n        <\/table>\r\n<\/form>\n","protected":false},"excerpt":{"rendered":"","protected":false},"author":2,"featured_media":0,"parent":0,"menu_order":0,"comment_status":"closed","ping_status":"closed","template":"","meta":{"_monsterinsights_skip_tracking":false,"_monsterinsights_sitenote_active":false,"_monsterinsights_sitenote_note":"","_monsterinsights_sitenote_category":0},"_links":{"self":[{"href":"https:\/\/mellettedvagyok.hu\/index.php\/wp-json\/wp\/v2\/pages\/380"}],"collection":[{"href":"https:\/\/mellettedvagyok.hu\/index.php\/wp-json\/wp\/v2\/pages"}],"about":[{"href":"https:\/\/mellettedvagyok.hu\/index.php\/wp-json\/wp\/v2\/types\/page"}],"author":[{"embeddable":true,"href":"https:\/\/mellettedvagyok.hu\/index.php\/wp-json\/wp\/v2\/users\/2"}],"replies":[{"embeddable":true,"href":"https:\/\/mellettedvagyok.hu\/index.php\/wp-json\/wp\/v2\/comments?post=380"}],"version-history":[{"count":1,"href":"https:\/\/mellettedvagyok.hu\/index.php\/wp-json\/wp\/v2\/pages\/380\/revisions"}],"predecessor-version":[{"id":381,"href":"https:\/\/mellettedvagyok.hu\/index.php\/wp-json\/wp\/v2\/pages\/380\/revisions\/381"}],"wp:attachment":[{"href":"https:\/\/mellettedvagyok.hu\/index.php\/wp-json\/wp\/v2\/media?parent=380"}],"curies":[{"name":"wp","href":"https:\/\/api.w.org\/{rel}","templated":true}]}}