{"id":377,"date":"2021-02-12T09:42:38","date_gmt":"2021-02-12T09:42:38","guid":{"rendered":"http:\/\/mellettedvagyok.hu\/?page_id=377"},"modified":"2021-02-12T10:20:00","modified_gmt":"2021-02-12T10:20:00","slug":"feldolgozo","status":"publish","type":"page","link":"https:\/\/mellettedvagyok.hu\/index.php\/feldolgozo\/","title":{"rendered":"\u00daj visszajelz\u00e9s k\u00fcld\u00e9se az adatb\u00e1zisba"},"content":{"rendered":"A megadott jelsz\u00f3 \u00e9rv\u00e9nytelen!\n","protected":false},"excerpt":{"rendered":"","protected":false},"author":2,"featured_media":0,"parent":0,"menu_order":0,"comment_status":"closed","ping_status":"closed","template":"","meta":{"_monsterinsights_skip_tracking":false,"_monsterinsights_sitenote_active":false,"_monsterinsights_sitenote_note":"","_monsterinsights_sitenote_category":0},"_links":{"self":[{"href":"https:\/\/mellettedvagyok.hu\/index.php\/wp-json\/wp\/v2\/pages\/377"}],"collection":[{"href":"https:\/\/mellettedvagyok.hu\/index.php\/wp-json\/wp\/v2\/pages"}],"about":[{"href":"https:\/\/mellettedvagyok.hu\/index.php\/wp-json\/wp\/v2\/types\/page"}],"author":[{"embeddable":true,"href":"https:\/\/mellettedvagyok.hu\/index.php\/wp-json\/wp\/v2\/users\/2"}],"replies":[{"embeddable":true,"href":"https:\/\/mellettedvagyok.hu\/index.php\/wp-json\/wp\/v2\/comments?post=377"}],"version-history":[{"count":3,"href":"https:\/\/mellettedvagyok.hu\/index.php\/wp-json\/wp\/v2\/pages\/377\/revisions"}],"predecessor-version":[{"id":382,"href":"https:\/\/mellettedvagyok.hu\/index.php\/wp-json\/wp\/v2\/pages\/377\/revisions\/382"}],"wp:attachment":[{"href":"https:\/\/mellettedvagyok.hu\/index.php\/wp-json\/wp\/v2\/media?parent=377"}],"curies":[{"name":"wp","href":"https:\/\/api.w.org\/{rel}","templated":true}]}}