{"id":14,"date":"2020-11-28T11:29:51","date_gmt":"2020-11-28T11:29:51","guid":{"rendered":"http:\/\/mellettedvagyok.hu\/?page_id=14"},"modified":"2021-11-30T11:04:24","modified_gmt":"2021-11-30T11:04:24","slug":"kapcsolat","status":"publish","type":"page","link":"https:\/\/mellettedvagyok.hu\/index.php\/kapcsolat\/","title":{"rendered":"Kapcsolat"},"content":{"rendered":"\r\n<p><img loading=\"lazy\" width=\"345\" height=\"365\" class=\"wp-image-275\" style=\"width: 25px; height: 25px;\" src=\"http:\/\/mellettedvagyok.hu\/wp-content\/uploads\/2020\/12\/telephone_logo.png\" alt=\"\" srcset=\"https:\/\/mellettedvagyok.hu\/wp-content\/uploads\/2020\/12\/telephone_logo.png 345w, https:\/\/mellettedvagyok.hu\/wp-content\/uploads\/2020\/12\/telephone_logo-284x300.png 284w\" sizes=\"(max-width: 345px) 100vw, 345px\" \/>\u00a0\u00a0\u00a0+<strong>36-30\/155-6678<\/strong><br \/><br \/><img loading=\"lazy\" width=\"2048\" height=\"2048\" class=\"wp-image-276\" style=\"width: 30px; height: 30px;\" src=\"http:\/\/mellettedvagyok.hu\/wp-content\/uploads\/2020\/12\/email_logo.png\" alt=\"\" srcset=\"https:\/\/mellettedvagyok.hu\/wp-content\/uploads\/2020\/12\/email_logo.png 2048w, https:\/\/mellettedvagyok.hu\/wp-content\/uploads\/2020\/12\/email_logo-300x300.png 300w, https:\/\/mellettedvagyok.hu\/wp-content\/uploads\/2020\/12\/email_logo-1024x1024.png 1024w, https:\/\/mellettedvagyok.hu\/wp-content\/uploads\/2020\/12\/email_logo-150x150.png 150w, https:\/\/mellettedvagyok.hu\/wp-content\/uploads\/2020\/12\/email_logo-768x768.png 768w, https:\/\/mellettedvagyok.hu\/wp-content\/uploads\/2020\/12\/email_logo-1536x1536.png 1536w\" sizes=\"(max-width: 2048px) 100vw, 2048px\" \/><strong>\u00a0 mellettedvagyok.blog@gmail.com<\/strong><br \/><br \/><a style=\"color: black; text-transform: none;\" href=\"https:\/\/www.facebook.com\/mellettedvagyok\" target=\"_blank\" rel=\"noreferrer noopener\"><img loading=\"lazy\" width=\"512\" height=\"512\" class=\"wp-image-282\" style=\"width: 25px; height: 25px;\" src=\"http:\/\/mellettedvagyok.hu\/wp-content\/uploads\/2020\/12\/facebook.png\" alt=\"\" srcset=\"https:\/\/mellettedvagyok.hu\/wp-content\/uploads\/2020\/12\/facebook.png 512w, https:\/\/mellettedvagyok.hu\/wp-content\/uploads\/2020\/12\/facebook-300x300.png 300w, https:\/\/mellettedvagyok.hu\/wp-content\/uploads\/2020\/12\/facebook-150x150.png 150w\" sizes=\"(max-width: 512px) 100vw, 512px\" \/> <strong>\u00a0 \u00a0Mellettedvagyok Blog<\/strong><\/a><\/p>\r\n<p><a style=\"color: black; text-transform: none;\" href=\"https:\/\/www.facebook.com\/groups\/639897766948402\" target=\"_blank\" rel=\"noreferrer noopener\"><span style=\"color: #000000;\"><img loading=\"lazy\" width=\"512\" height=\"512\" class=\"wp-image-282\" style=\"width: 25px; height: 25px;\" src=\"http:\/\/mellettedvagyok.hu\/wp-content\/uploads\/2020\/12\/facebook.png\" alt=\"\" srcset=\"https:\/\/mellettedvagyok.hu\/wp-content\/uploads\/2020\/12\/facebook.png 512w, https:\/\/mellettedvagyok.hu\/wp-content\/uploads\/2020\/12\/facebook-300x300.png 300w, https:\/\/mellettedvagyok.hu\/wp-content\/uploads\/2020\/12\/facebook-150x150.png 150w\" sizes=\"(max-width: 512px) 100vw, 512px\" \/><\/span> <strong style=\"color: black; text-transform: none;\">\u00a0\u00a0\u00a0N\u0151k v\u00e1l\u00e1s, szak\u00edt\u00e1s ut\u00e1n &#8211; feldolgoz\u00e1s, tov\u00e1bbl\u00e9p\u00e9s<\/strong><\/a><\/p>\r\n<!-- <p><a style=\"color: black; text-transform: none;\" href=\"https:\/\/www.facebook.com\/groups\/3015703085371807\" target=\"_blank\" rel=\"noreferrer noopener\"><span data-mce-type=\"bookmark\" style=\"display: inline-block; width: 0px; overflow: hidden; line-height: 0;\" class=\"mce_SELRES_start\"><\/span><span style=\"color: #000000;\"><img loading=\"lazy\" width=\"512\" height=\"512\" class=\"wp-image-282\" style=\"width: 25px; height: 25px;\" src=\"http:\/\/mellettedvagyok.hu\/wp-content\/uploads\/2020\/12\/facebook.png\" alt=\"\" srcset=\"https:\/\/mellettedvagyok.hu\/wp-content\/uploads\/2020\/12\/facebook.png 512w, https:\/\/mellettedvagyok.hu\/wp-content\/uploads\/2020\/12\/facebook-300x300.png 300w, https:\/\/mellettedvagyok.hu\/wp-content\/uploads\/2020\/12\/facebook-150x150.png 150w\" sizes=\"(max-width: 512px) 100vw, 512px\" \/><\/span> <strong style=\"color: black; text-transform: none;\">\u00a0\u00a0\u00a0S\u00e1rk\u00e1nyszel\u00edd\u00edt\u0151k - F\u00e9rfiaknak n\u0151i szemmel csoport<\/strong><\/a><\/p>\r\n<p>&nbsp;<\/p> -->\r\n<h5>Vezet\u0151k\u00e9pz\u00e9s, feln\u0151ttoktat\u00e1s tan\u00e1csad\u00e1s<strong><br \/><\/strong><strong><a href=\"https:\/\/openout.hu\" target=\"_blank\" rel=\"noopener\"><img loading=\"lazy\" class=\"alignnone size-medium wp-image-634\" src=\"http:\/\/mellettedvagyok.hu\/wp-content\/uploads\/2021\/04\/openout_logo1-300x120.png\" alt=\"\" width=\"300\" height=\"120\" srcset=\"https:\/\/mellettedvagyok.hu\/wp-content\/uploads\/2021\/04\/openout_logo1-300x120.png 300w, https:\/\/mellettedvagyok.hu\/wp-content\/uploads\/2021\/04\/openout_logo1.png 396w\" sizes=\"(max-width: 300px) 100vw, 300px\" \/><\/a><\/strong><\/h5>\r\n","protected":false},"excerpt":{"rendered":"<p>\u00a0\u00a0\u00a0+36-30\/155-6678 \u00a0 mellettedvagyok.blog@gmail.com \u00a0 \u00a0Mellettedvagyok Blog \u00a0\u00a0\u00a0N\u0151k v\u00e1l\u00e1s, szak\u00edt\u00e1s ut\u00e1n &#8211; feldolgoz\u00e1s, tov\u00e1bbl\u00e9p\u00e9s Vezet\u0151k\u00e9pz\u00e9s, feln\u0151ttoktat\u00e1s tan\u00e1csad\u00e1s<\/p>\n","protected":false},"author":3,"featured_media":0,"parent":0,"menu_order":0,"comment_status":"closed","ping_status":"closed","template":"","meta":{"_monsterinsights_skip_tracking":false,"_monsterinsights_sitenote_active":false,"_monsterinsights_sitenote_note":"","_monsterinsights_sitenote_category":0},"_links":{"self":[{"href":"https:\/\/mellettedvagyok.hu\/index.php\/wp-json\/wp\/v2\/pages\/14"}],"collection":[{"href":"https:\/\/mellettedvagyok.hu\/index.php\/wp-json\/wp\/v2\/pages"}],"about":[{"href":"https:\/\/mellettedvagyok.hu\/index.php\/wp-json\/wp\/v2\/types\/page"}],"author":[{"embeddable":true,"href":"https:\/\/mellettedvagyok.hu\/index.php\/wp-json\/wp\/v2\/users\/3"}],"replies":[{"embeddable":true,"href":"https:\/\/mellettedvagyok.hu\/index.php\/wp-json\/wp\/v2\/comments?post=14"}],"version-history":[{"count":35,"href":"https:\/\/mellettedvagyok.hu\/index.php\/wp-json\/wp\/v2\/pages\/14\/revisions"}],"predecessor-version":[{"id":1076,"href":"https:\/\/mellettedvagyok.hu\/index.php\/wp-json\/wp\/v2\/pages\/14\/revisions\/1076"}],"wp:attachment":[{"href":"https:\/\/mellettedvagyok.hu\/index.php\/wp-json\/wp\/v2\/media?parent=14"}],"curies":[{"name":"wp","href":"https:\/\/api.w.org\/{rel}","templated":true}]}}