{"id":120,"date":"2020-12-14T19:16:40","date_gmt":"2020-12-14T19:16:40","guid":{"rendered":"http:\/\/mellettedvagyok.hu\/?page_id=120"},"modified":"2022-03-02T09:33:52","modified_gmt":"2022-03-02T09:33:52","slug":"esemenyek","status":"publish","type":"page","link":"https:\/\/mellettedvagyok.hu\/index.php\/esemenyek\/","title":{"rendered":"Esem\u00e9nyek"},"content":{"rendered":"<p style=\"text-align: center; font-size: xx-large\"><strong>Jelenleg nincs esem\u00e9ny. L\u00e1togass vissza k\u00e9s\u0151bb!<\/strong><\/p>\n","protected":false},"excerpt":{"rendered":"<p>Jelenleg nincs esem\u00e9ny. L\u00e1togass vissza k\u00e9s\u0151bb!<\/p>\n","protected":false},"author":3,"featured_media":0,"parent":0,"menu_order":0,"comment_status":"closed","ping_status":"closed","template":"","meta":{"_monsterinsights_skip_tracking":false,"_monsterinsights_sitenote_active":false,"_monsterinsights_sitenote_note":"","_monsterinsights_sitenote_category":0},"_links":{"self":[{"href":"https:\/\/mellettedvagyok.hu\/index.php\/wp-json\/wp\/v2\/pages\/120"}],"collection":[{"href":"https:\/\/mellettedvagyok.hu\/index.php\/wp-json\/wp\/v2\/pages"}],"about":[{"href":"https:\/\/mellettedvagyok.hu\/index.php\/wp-json\/wp\/v2\/types\/page"}],"author":[{"embeddable":true,"href":"https:\/\/mellettedvagyok.hu\/index.php\/wp-json\/wp\/v2\/users\/3"}],"replies":[{"embeddable":true,"href":"https:\/\/mellettedvagyok.hu\/index.php\/wp-json\/wp\/v2\/comments?post=120"}],"version-history":[{"count":14,"href":"https:\/\/mellettedvagyok.hu\/index.php\/wp-json\/wp\/v2\/pages\/120\/revisions"}],"predecessor-version":[{"id":1151,"href":"https:\/\/mellettedvagyok.hu\/index.php\/wp-json\/wp\/v2\/pages\/120\/revisions\/1151"}],"wp:attachment":[{"href":"https:\/\/mellettedvagyok.hu\/index.php\/wp-json\/wp\/v2\/media?parent=120"}],"curies":[{"name":"wp","href":"https:\/\/api.w.org\/{rel}","templated":true}]}}