{"id":1134,"date":"2022-01-26T20:30:09","date_gmt":"2022-01-26T20:30:09","guid":{"rendered":"https:\/\/mellettedvagyok.hu\/?page_id=1134"},"modified":"2022-01-26T20:50:19","modified_gmt":"2022-01-26T20:50:19","slug":"fooldal","status":"publish","type":"page","link":"http:\/\/mellettedvagyok.hu\/index.php\/fooldal\/","title":{"rendered":"F\u0151oldal"},"content":{"rendered":"<div style=\"text-align: center\">\n<h1>\u00dcdv\u00f6z\u00f6llek az oldalamon!<\/h1>\n<p>  <img loading=\"lazy\" width=\"300px\" height=\"385px\" src=\"http:\/\/mellettedvagyok.hu\/wp-content\/uploads\/melletedvagyok_logo.jpg\">\n<\/div>\n","protected":false},"excerpt":{"rendered":"<p>\u00dcdv\u00f6z\u00f6llek az oldalamon!<\/p>\n","protected":false},"author":2,"featured_media":0,"parent":0,"menu_order":0,"comment_status":"closed","ping_status":"closed","template":"","meta":{"_monsterinsights_skip_tracking":false,"_monsterinsights_sitenote_active":false,"_monsterinsights_sitenote_note":"","_monsterinsights_sitenote_category":0},"_links":{"self":[{"href":"http:\/\/mellettedvagyok.hu\/index.php\/wp-json\/wp\/v2\/pages\/1134"}],"collection":[{"href":"http:\/\/mellettedvagyok.hu\/index.php\/wp-json\/wp\/v2\/pages"}],"about":[{"href":"http:\/\/mellettedvagyok.hu\/index.php\/wp-json\/wp\/v2\/types\/page"}],"author":[{"embeddable":true,"href":"http:\/\/mellettedvagyok.hu\/index.php\/wp-json\/wp\/v2\/users\/2"}],"replies":[{"embeddable":true,"href":"http:\/\/mellettedvagyok.hu\/index.php\/wp-json\/wp\/v2\/comments?post=1134"}],"version-history":[{"count":3,"href":"http:\/\/mellettedvagyok.hu\/index.php\/wp-json\/wp\/v2\/pages\/1134\/revisions"}],"predecessor-version":[{"id":1137,"href":"http:\/\/mellettedvagyok.hu\/index.php\/wp-json\/wp\/v2\/pages\/1134\/revisions\/1137"}],"wp:attachment":[{"href":"http:\/\/mellettedvagyok.hu\/index.php\/wp-json\/wp\/v2\/media?parent=1134"}],"curies":[{"name":"wp","href":"https:\/\/api.w.org\/{rel}","templated":true}]}}